{"id":2122,"date":"2026-04-03T08:46:36","date_gmt":"2026-04-03T06:46:36","guid":{"rendered":"https:\/\/www.schuetzenverein-unering.de\/?page_id=2122"},"modified":"2026-04-03T08:46:36","modified_gmt":"2026-04-03T06:46:36","slug":"partnerschiessen-26","status":"publish","type":"page","link":"https:\/\/www.schuetzenverein-unering.de\/?page_id=2122","title":{"rendered":"Partnerschiessen \u00b426"},"content":{"rendered":"<p>Zu unseren Partnerschiessen, waren 18 Paare.<\/p>\n<p>&#8211; 10 Schuss p.P<\/p>\n<p>&#8211; 3 Dartw\u00fcrfe p.P<\/p>\n<p>&#8211; 3 Tischkegel versuche p.P.<\/p>\n<p>&nbsp;<\/p>\n<p>vielen Dank f\u00fcr die Unterst\u00fctzung der <strong><span style=\"color: #000000;\"><a style=\"color: #000000;\" href=\"https:\/\/www.ffw-unering.de\/\">Feuerwehr Unering<\/a><\/span><\/strong>.<\/p>\n<p>&nbsp;<\/p>\n<p>FinalTilesGallery id=&#8217;19&#8216;]<\/p>\n<p>&nbsp;<\/p>\n<p>&nbsp;<\/p>\n","protected":false},"excerpt":{"rendered":"<p>Zu unseren Partnerschiessen, waren 18 Paare. &#8211; 10 Schuss p.P &#8211; 3 Dartw\u00fcrfe p.P &#8211; 3 Tischkegel versuche p.P. &nbsp; vielen Dank f\u00fcr die Unterst\u00fctzung der Feuerwehr Unering. &nbsp; FinalTilesGallery id=&#8217;19&#8216;] &nbsp; &nbsp;<\/p>\n","protected":false},"author":1,"featured_media":0,"parent":0,"menu_order":0,"comment_status":"closed","ping_status":"closed","template":"","meta":{"footnotes":""},"class_list":["post-2122","page","type-page","status-publish","hentry"],"_links":{"self":[{"href":"https:\/\/www.schuetzenverein-unering.de\/index.php?rest_route=\/wp\/v2\/pages\/2122","targetHints":{"allow":["GET"]}}],"collection":[{"href":"https:\/\/www.schuetzenverein-unering.de\/index.php?rest_route=\/wp\/v2\/pages"}],"about":[{"href":"https:\/\/www.schuetzenverein-unering.de\/index.php?rest_route=\/wp\/v2\/types\/page"}],"author":[{"embeddable":true,"href":"https:\/\/www.schuetzenverein-unering.de\/index.php?rest_route=\/wp\/v2\/users\/1"}],"replies":[{"embeddable":true,"href":"https:\/\/www.schuetzenverein-unering.de\/index.php?rest_route=%2Fwp%2Fv2%2Fcomments&post=2122"}],"version-history":[{"count":2,"href":"https:\/\/www.schuetzenverein-unering.de\/index.php?rest_route=\/wp\/v2\/pages\/2122\/revisions"}],"predecessor-version":[{"id":2131,"href":"https:\/\/www.schuetzenverein-unering.de\/index.php?rest_route=\/wp\/v2\/pages\/2122\/revisions\/2131"}],"wp:attachment":[{"href":"https:\/\/www.schuetzenverein-unering.de\/index.php?rest_route=%2Fwp%2Fv2%2Fmedia&parent=2122"}],"curies":[{"name":"wp","href":"https:\/\/api.w.org\/{rel}","templated":true}]}}